{"id":556,"date":"2023-11-21T18:12:11","date_gmt":"2023-11-21T17:12:11","guid":{"rendered":"https:\/\/serradifiumorbu.corsica\/?page_id=556"},"modified":"2024-06-15T10:30:09","modified_gmt":"2024-06-15T08:30:09","slug":"elections","status":"publish","type":"page","link":"https:\/\/serradifiumorbu.corsica\/co\/elections\/","title":{"rendered":"Elezzioni"},"content":{"rendered":"<div data-elementor-type=\"wp-page\" data-elementor-id=\"556\" class=\"elementor elementor-556\" data-elementor-post-type=\"page\">\n\t\t\t\t<div class=\"elementor-element elementor-element-752dc4b8 e-flex e-con-boxed e-con e-parent\" data-id=\"752dc4b8\" data-element_type=\"container\" data-e-type=\"container\">\n\t\t\t\t\t<div class=\"e-con-inner\">\n\t\t\t\t<div class=\"elementor-element elementor-element-5bff234a elementor-widget elementor-widget-text-editor\" data-id=\"5bff234a\" data-element_type=\"widget\" data-e-type=\"widget\" data-widget_type=\"text-editor.default\">\n\t\t\t\t<div class=\"elementor-widget-container\">\n\t\t\t\t\t\t\t\t\t\t\t\t\t\t\t\t\t<\/div>\n\t\t\t\t<\/div>\n\t\t\t\t\t<\/div>\n\t\t\t\t<\/div>\n\t\t<div class=\"elementor-element elementor-element-43b6984 e-con-full e-flex e-con e-parent\" data-id=\"43b6984\" data-element_type=\"container\" data-e-type=\"container\">\n\t\t<div class=\"elementor-element elementor-element-afa2eb5 e-con-full e-flex e-con e-child\" data-id=\"afa2eb5\" data-element_type=\"container\" data-e-type=\"container\" data-settings=\"{&quot;background_background&quot;:&quot;classic&quot;}\">\n\t\t<div class=\"elementor-element elementor-element-0db46bc e-con-full e-flex e-con e-child\" data-id=\"0db46bc\" data-element_type=\"container\" data-e-type=\"container\" data-settings=\"{&quot;background_background&quot;:&quot;classic&quot;}\">\n\t\t\t\t<div class=\"elementor-element elementor-element-5ff3c7f elementor-align-left elementor-widget elementor-widget-button\" data-id=\"5ff3c7f\" data-element_type=\"widget\" data-e-type=\"widget\" data-widget_type=\"button.default\">\n\t\t\t\t<div class=\"elementor-widget-container\">\n\t\t\t\t\t\t\t\t\t<div class=\"elementor-button-wrapper\">\n\t\t\t\t\t<a class=\"elementor-button elementor-button-link elementor-size-xs\" href=\"https:\/\/serradifiumorbu.corsica\/co\/etat-civil\/\">\n\t\t\t\t\t\t<span class=\"elementor-button-content-wrapper\">\n\t\t\t\t\t\t\t\t\t<span class=\"elementor-button-text\">STATU CIVILE<\/span>\n\t\t\t\t\t<\/span>\n\t\t\t\t\t<\/a>\n\t\t\t\t<\/div>\n\t\t\t\t\t\t\t\t<\/div>\n\t\t\t\t<\/div>\n\t\t\t\t<\/div>\n\t\t<div class=\"elementor-element elementor-element-77a1064 e-flex e-con-boxed e-con e-child\" data-id=\"77a1064\" data-element_type=\"container\" data-e-type=\"container\" data-settings=\"{&quot;background_background&quot;:&quot;classic&quot;}\">\n\t\t\t\t\t<div class=\"e-con-inner\">\n\t\t\t\t<div class=\"elementor-element elementor-element-8f75814 elementor-align-left elementor-widget elementor-widget-button\" data-id=\"8f75814\" data-element_type=\"widget\" data-e-type=\"widget\" data-widget_type=\"button.default\">\n\t\t\t\t<div class=\"elementor-widget-container\">\n\t\t\t\t\t\t\t\t\t<div class=\"elementor-button-wrapper\">\n\t\t\t\t\t<a class=\"elementor-button elementor-button-link elementor-size-xs\" href=\"https:\/\/serradifiumorbu.corsica\/co\/urbanisme\/\">\n\t\t\t\t\t\t<span class=\"elementor-button-content-wrapper\">\n\t\t\t\t\t\t\t\t\t<span class=\"elementor-button-text\">URBANISIMU<\/span>\n\t\t\t\t\t<\/span>\n\t\t\t\t\t<\/a>\n\t\t\t\t<\/div>\n\t\t\t\t\t\t\t\t<\/div>\n\t\t\t\t<\/div>\n\t\t\t\t\t<\/div>\n\t\t\t\t<\/div>\n\t\t<div class=\"elementor-element elementor-element-0895cfe e-con-full e-flex e-con e-child\" data-id=\"0895cfe\" data-element_type=\"container\" data-e-type=\"container\" data-settings=\"{&quot;background_background&quot;:&quot;classic&quot;}\">\n\t\t\t\t<div class=\"elementor-element elementor-element-794903f elementor-align-left elementor-widget elementor-widget-button\" data-id=\"794903f\" data-element_type=\"widget\" data-e-type=\"widget\" data-widget_type=\"button.default\">\n\t\t\t\t<div class=\"elementor-widget-container\">\n\t\t\t\t\t\t\t\t\t<div class=\"elementor-button-wrapper\">\n\t\t\t\t\t<a class=\"elementor-button elementor-size-xs\" role=\"button\">\n\t\t\t\t\t\t<span class=\"elementor-button-content-wrapper\">\n\t\t\t\t\t\t\t\t\t<span class=\"elementor-button-text\">ELEZZIONI<\/span>\n\t\t\t\t\t<\/span>\n\t\t\t\t\t<\/a>\n\t\t\t\t<\/div>\n\t\t\t\t\t\t\t\t<\/div>\n\t\t\t\t<\/div>\n\t\t\t\t<\/div>\n\t\t<div class=\"elementor-element elementor-element-328ed66 e-con-full e-flex e-con e-child\" data-id=\"328ed66\" data-element_type=\"container\" data-e-type=\"container\" data-settings=\"{&quot;background_background&quot;:&quot;classic&quot;}\">\n\t\t\t\t<div class=\"elementor-element elementor-element-2cba4c2 elementor-align-left elementor-widget elementor-widget-button\" data-id=\"2cba4c2\" data-element_type=\"widget\" data-e-type=\"widget\" data-widget_type=\"button.default\">\n\t\t\t\t<div class=\"elementor-widget-container\">\n\t\t\t\t\t\t\t\t\t<div class=\"elementor-button-wrapper\">\n\t\t\t\t\t<a class=\"elementor-button elementor-button-link elementor-size-xs\" href=\"https:\/\/serradifiumorbu.corsica\/co\/environnement\/\">\n\t\t\t\t\t\t<span class=\"elementor-button-content-wrapper\">\n\t\t\t\t\t\t\t\t\t<span class=\"elementor-button-text\">AMBIENTE<\/span>\n\t\t\t\t\t<\/span>\n\t\t\t\t\t<\/a>\n\t\t\t\t<\/div>\n\t\t\t\t\t\t\t\t<\/div>\n\t\t\t\t<\/div>\n\t\t\t\t<\/div>\n\t\t\t\t<\/div>\n\t\t<div class=\"elementor-element elementor-element-29b6c28 e-con-full e-flex e-con e-child\" data-id=\"29b6c28\" data-element_type=\"container\" data-e-type=\"container\">\n\t\t\t\t<div class=\"elementor-element elementor-element-db7a576 elementor-widget elementor-widget-text-editor\" data-id=\"db7a576\" data-element_type=\"widget\" data-e-type=\"widget\" data-widget_type=\"text-editor.default\">\n\t\t\t\t<div class=\"elementor-widget-container\">\n\t\t\t\t\t\t\t\t\t<p><strong>L\u2019inscription sur les listes \u00e9lectorales se fait en ligne.<\/strong><\/p>\n<p>Pour vous inscrire en ligne sur les listes \u00e9lectorales, nous vous invitons \u00e0 vous diriger vers le site institutionnel\u00a0<a href=\"https:\/\/www.service-public.fr\/particuliers\/vosdroits\/F1367\" target=\"_blank\" rel=\"noopener\">en cliquant ici<\/a>.<\/p>\n<p><\/p>\t\t\t\t\t\t\t\t<\/div>\n\t\t\t\t<\/div>\n\t\t\t\t<div class=\"elementor-element elementor-element-d3eaf5b elementor-widget elementor-widget-text-editor\" data-id=\"d3eaf5b\" data-element_type=\"widget\" data-e-type=\"widget\" data-widget_type=\"text-editor.default\">\n\t\t\t\t<div class=\"elementor-widget-container\">\n\t\t\t\t\t\t\t\t\t<p id=\"titlePage\" data-test=\"titre-page\"><strong>Elezzioni&nbsp;<\/strong><b>l\u00e9gislatives<\/b><\/p>\n<h5 data-test=\"titre-page\">Lors des \u00e9lections l\u00e9gislatives, les \u00e9lecteurs d\u00e9signent les d\u00e9put\u00e9s qui si\u00e8gent \u00e0 l&rsquo;Assembl\u00e9e nationale. Les prochaines \u00e9lections l\u00e9gislatives seront organis\u00e9es les 30 juin et 7 juillet 2024, soit trois semaines apr\u00e8s la dissolution de l&rsquo;Assembl\u00e9e nationale. La campagne \u00e9lectorale d\u00e9bute lundi 17 juin 2024 \u00e0 minuit.<\/h5>\n<p><\/p>\t\t\t\t\t\t\t\t<\/div>\n\t\t\t\t<\/div>\n\t\t\t\t<\/div>\n\t\t\t\t<\/div>\n\t\t<div class=\"elementor-element elementor-element-9d19e5c e-flex e-con-boxed e-con e-parent\" data-id=\"9d19e5c\" data-element_type=\"container\" data-e-type=\"container\">\n\t\t\t\t\t<div class=\"e-con-inner\">\n\t\t\t\t<div class=\"elementor-element elementor-element-5e37337 elementor-widget elementor-widget-image\" data-id=\"5e37337\" data-element_type=\"widget\" data-e-type=\"widget\" data-widget_type=\"image.default\">\n\t\t\t\t<div class=\"elementor-widget-container\">\n\t\t\t\t\t\t\t\t\t\t\t\t\t\t\t<img fetchpriority=\"high\" decoding=\"async\" width=\"313\" height=\"161\" src=\"https:\/\/serradifiumorbu.corsica\/wp-content\/uploads\/2024\/06\/Unknown.jpeg\" class=\"attachment-large size-large wp-image-2738\" alt=\"\" srcset=\"https:\/\/serradifiumorbu.corsica\/wp-content\/uploads\/2024\/06\/Unknown.jpeg 313w, https:\/\/serradifiumorbu.corsica\/wp-content\/uploads\/2024\/06\/Unknown-300x154.jpeg 300w, https:\/\/serradifiumorbu.corsica\/wp-content\/uploads\/2024\/06\/Unknown-18x9.jpeg 18w\" sizes=\"(max-width: 313px) 100vw, 313px\" \/>\t\t\t\t\t\t\t\t\t\t\t\t\t\t\t<\/div>\n\t\t\t\t<\/div>\n\t\t\t\t\t<\/div>\n\t\t\t\t<\/div>\n\t\t\t\t<\/div>","protected":false},"excerpt":{"rendered":"<p>\u00c9TAT CIVIL URBANISME \u00c9LECTIONS ENVIRONNEMENT L\u2019inscription sur les listes \u00e9lectorales se fait en ligne. Pour vous inscrire en ligne sur les listes \u00e9lectorales, nous vous invitons \u00e0 vous diriger vers le site institutionnel\u00a0en cliquant ici. \u00c9lections&nbsp;l\u00e9gislatives Lors des \u00e9lections l\u00e9gislatives, les \u00e9lecteurs d\u00e9signent les d\u00e9put\u00e9s qui si\u00e8gent \u00e0 l&rsquo;Assembl\u00e9e nationale. Les prochaines \u00e9lections l\u00e9gislatives seront [&hellip;]<\/p>\n","protected":false},"author":1,"featured_media":1380,"parent":0,"menu_order":0,"comment_status":"closed","ping_status":"closed","template":"elementor_header_footer","meta":{"_et_pb_use_builder":"on","_et_pb_old_content":"","_et_gb_content_width":"","footnotes":""},"class_list":["post-556","page","type-page","status-publish","has-post-thumbnail","hentry"],"_links":{"self":[{"href":"https:\/\/serradifiumorbu.corsica\/co\/wp-json\/wp\/v2\/pages\/556","targetHints":{"allow":["GET"]}}],"collection":[{"href":"https:\/\/serradifiumorbu.corsica\/co\/wp-json\/wp\/v2\/pages"}],"about":[{"href":"https:\/\/serradifiumorbu.corsica\/co\/wp-json\/wp\/v2\/types\/page"}],"author":[{"embeddable":true,"href":"https:\/\/serradifiumorbu.corsica\/co\/wp-json\/wp\/v2\/users\/1"}],"replies":[{"embeddable":true,"href":"https:\/\/serradifiumorbu.corsica\/co\/wp-json\/wp\/v2\/comments?post=556"}],"version-history":[{"count":74,"href":"https:\/\/serradifiumorbu.corsica\/co\/wp-json\/wp\/v2\/pages\/556\/revisions"}],"predecessor-version":[{"id":2753,"href":"https:\/\/serradifiumorbu.corsica\/co\/wp-json\/wp\/v2\/pages\/556\/revisions\/2753"}],"wp:featuredmedia":[{"embeddable":true,"href":"https:\/\/serradifiumorbu.corsica\/co\/wp-json\/wp\/v2\/media\/1380"}],"wp:attachment":[{"href":"https:\/\/serradifiumorbu.corsica\/co\/wp-json\/wp\/v2\/media?parent=556"}],"curies":[{"name":"wp","href":"https:\/\/api.w.org\/{rel}","templated":true}]}}