{"id":529,"date":"2023-11-21T18:02:30","date_gmt":"2023-11-21T17:02:30","guid":{"rendered":"https:\/\/serradifiumorbu.corsica\/?page_id=529"},"modified":"2024-03-28T07:35:35","modified_gmt":"2024-03-28T06:35:35","slug":"fontaines-lavoirs","status":"publish","type":"page","link":"https:\/\/serradifiumorbu.corsica\/co\/fontaines-lavoirs\/","title":{"rendered":"Funtane \u00e8 lavatoghje"},"content":{"rendered":"<div data-elementor-type=\"wp-page\" data-elementor-id=\"529\" class=\"elementor elementor-529\" data-elementor-post-type=\"page\">\n\t\t\t\t<div class=\"elementor-element elementor-element-17264cb3 e-flex e-con-boxed e-con e-parent\" data-id=\"17264cb3\" data-element_type=\"container\" data-e-type=\"container\">\n\t\t\t\t\t<div class=\"e-con-inner\">\n\t\t\t\t<div class=\"elementor-element elementor-element-7f293b26 elementor-widget elementor-widget-text-editor\" data-id=\"7f293b26\" data-element_type=\"widget\" data-e-type=\"widget\" data-widget_type=\"text-editor.default\">\n\t\t\t\t<div class=\"elementor-widget-container\">\n\t\t\t\t\t\t\t\t\t<p>Dans un avenir plus ou moins proche, dans de nombreux endroits du monde, l\u2019eau sera rare, ch\u00e8re et hors de port\u00e9e. Nos fontaines et nos lavoirs tissent le lien de la nature avec l&rsquo;homme. Notre volont\u00e9 est de pr\u00e9server et r\u00e9nover ces lieux de vie charg\u00e9s d&rsquo;histoire populaire.<\/p>\n<p><\/p>\t\t\t\t\t\t\t\t<\/div>\n\t\t\t\t<\/div>\n\t\t\t\t<div class=\"elementor-element elementor-element-92ec0e0 elementor-widget elementor-widget-gallery\" data-id=\"92ec0e0\" data-element_type=\"widget\" data-e-type=\"widget\" data-settings=\"{&quot;columns&quot;:3,&quot;lazyload&quot;:&quot;yes&quot;,&quot;gallery_layout&quot;:&quot;grid&quot;,&quot;columns_tablet&quot;:2,&quot;columns_mobile&quot;:1,&quot;gap&quot;:{&quot;unit&quot;:&quot;px&quot;,&quot;size&quot;:10,&quot;sizes&quot;:[]},&quot;gap_tablet&quot;:{&quot;unit&quot;:&quot;px&quot;,&quot;size&quot;:10,&quot;sizes&quot;:[]},&quot;gap_mobile&quot;:{&quot;unit&quot;:&quot;px&quot;,&quot;size&quot;:10,&quot;sizes&quot;:[]},&quot;link_to&quot;:&quot;file&quot;,&quot;aspect_ratio&quot;:&quot;3:2&quot;,&quot;overlay_background&quot;:&quot;yes&quot;,&quot;content_hover_animation&quot;:&quot;fade-in&quot;}\" data-widget_type=\"gallery.default\">\n\t\t\t\t<div class=\"elementor-widget-container\">\n\t\t\t\t\t\t\t<div class=\"elementor-gallery__container\">\n\t\t\t\t\t\t\t<a class=\"e-gallery-item elementor-gallery-item elementor-animated-content\" href=\"https:\/\/serradifiumorbu.corsica\/wp-content\/uploads\/2023\/12\/Serra-web471.jpg\" data-elementor-open-lightbox=\"yes\" data-elementor-lightbox-slideshow=\"92ec0e0\" data-elementor-lightbox-title=\"Serra-web471\" data-e-action-hash=\"#elementor-action%3Aaction%3Dlightbox%26settings%3DeyJpZCI6NjM3LCJ1cmwiOiJodHRwczpcL1wvc2VycmFkaWZpdW1vcmJ1LmNvcnNpY2FcL3dwLWNvbnRlbnRcL3VwbG9hZHNcLzIwMjNcLzEyXC9TZXJyYS13ZWI0NzEuanBnIiwic2xpZGVzaG93IjoiOTJlYzBlMCJ9\">\n\t\t\t\t\t<div class=\"e-gallery-image elementor-gallery-item__image\" data-thumbnail=\"https:\/\/serradifiumorbu.corsica\/wp-content\/uploads\/2023\/12\/Serra-web471-768x576.jpg\" data-width=\"768\" data-height=\"576\" aria-label=\"\" role=\"img\" ><\/div>\n\t\t\t\t\t\t\t\t\t\t\t<div class=\"elementor-gallery-item__overlay\"><\/div>\n\t\t\t\t\t\t\t\t\t\t\t\t\t\t<\/a>\n\t\t\t\t\t\t\t<a class=\"e-gallery-item elementor-gallery-item elementor-animated-content\" href=\"https:\/\/serradifiumorbu.corsica\/wp-content\/uploads\/2024\/03\/7370d2f2-ad57-4e67-999c-9a98bbefc72f.jpg\" data-elementor-open-lightbox=\"yes\" data-elementor-lightbox-slideshow=\"92ec0e0\" data-elementor-lightbox-title=\"7370d2f2-ad57-4e67-999c-9a98bbefc72f\" data-e-action-hash=\"#elementor-action%3Aaction%3Dlightbox%26settings%3DeyJpZCI6MjU0OSwidXJsIjoiaHR0cHM6XC9cL3NlcnJhZGlmaXVtb3JidS5jb3JzaWNhXC93cC1jb250ZW50XC91cGxvYWRzXC8yMDI0XC8wM1wvNzM3MGQyZjItYWQ1Ny00ZTY3LTk5OWMtOWE5OGJiZWZjNzJmLmpwZyIsInNsaWRlc2hvdyI6IjkyZWMwZTAifQ%3D%3D\">\n\t\t\t\t\t<div class=\"e-gallery-image elementor-gallery-item__image\" data-thumbnail=\"https:\/\/serradifiumorbu.corsica\/wp-content\/uploads\/2024\/03\/7370d2f2-ad57-4e67-999c-9a98bbefc72f-768x576.jpg\" data-width=\"768\" data-height=\"576\" aria-label=\"\" role=\"img\" ><\/div>\n\t\t\t\t\t\t\t\t\t\t\t<div class=\"elementor-gallery-item__overlay\"><\/div>\n\t\t\t\t\t\t\t\t\t\t\t\t\t\t<\/a>\n\t\t\t\t\t\t\t<a class=\"e-gallery-item elementor-gallery-item elementor-animated-content\" href=\"https:\/\/serradifiumorbu.corsica\/wp-content\/uploads\/2024\/03\/73804b17-294c-4616-ad14-112f9d0f49a0.jpg\" data-elementor-open-lightbox=\"yes\" data-elementor-lightbox-slideshow=\"92ec0e0\" data-elementor-lightbox-title=\"73804b17-294c-4616-ad14-112f9d0f49a0\" data-e-action-hash=\"#elementor-action%3Aaction%3Dlightbox%26settings%3DeyJpZCI6MjU1MCwidXJsIjoiaHR0cHM6XC9cL3NlcnJhZGlmaXVtb3JidS5jb3JzaWNhXC93cC1jb250ZW50XC91cGxvYWRzXC8yMDI0XC8wM1wvNzM4MDRiMTctMjk0Yy00NjE2LWFkMTQtMTEyZjlkMGY0OWEwLmpwZyIsInNsaWRlc2hvdyI6IjkyZWMwZTAifQ%3D%3D\">\n\t\t\t\t\t<div class=\"e-gallery-image elementor-gallery-item__image\" data-thumbnail=\"https:\/\/serradifiumorbu.corsica\/wp-content\/uploads\/2024\/03\/73804b17-294c-4616-ad14-112f9d0f49a0.jpg\" data-width=\"768\" data-height=\"1024\" aria-label=\"\" role=\"img\" ><\/div>\n\t\t\t\t\t\t\t\t\t\t\t<div class=\"elementor-gallery-item__overlay\"><\/div>\n\t\t\t\t\t\t\t\t\t\t\t\t\t\t<\/a>\n\t\t\t\t\t\t\t<a class=\"e-gallery-item elementor-gallery-item elementor-animated-content\" href=\"https:\/\/serradifiumorbu.corsica\/wp-content\/uploads\/2023\/12\/Serra-web474.jpg\" data-elementor-open-lightbox=\"yes\" data-elementor-lightbox-slideshow=\"92ec0e0\" data-elementor-lightbox-title=\"Serra-web474\" data-e-action-hash=\"#elementor-action%3Aaction%3Dlightbox%26settings%3DeyJpZCI6NjMzLCJ1cmwiOiJodHRwczpcL1wvc2VycmFkaWZpdW1vcmJ1LmNvcnNpY2FcL3dwLWNvbnRlbnRcL3VwbG9hZHNcLzIwMjNcLzEyXC9TZXJyYS13ZWI0NzQuanBnIiwic2xpZGVzaG93IjoiOTJlYzBlMCJ9\">\n\t\t\t\t\t<div class=\"e-gallery-image elementor-gallery-item__image\" data-thumbnail=\"https:\/\/serradifiumorbu.corsica\/wp-content\/uploads\/2023\/12\/Serra-web474-768x576.jpg\" data-width=\"768\" data-height=\"576\" aria-label=\"\" role=\"img\" ><\/div>\n\t\t\t\t\t\t\t\t\t\t\t<div class=\"elementor-gallery-item__overlay\"><\/div>\n\t\t\t\t\t\t\t\t\t\t\t\t\t\t<\/a>\n\t\t\t\t\t\t\t<a class=\"e-gallery-item elementor-gallery-item elementor-animated-content\" href=\"https:\/\/serradifiumorbu.corsica\/wp-content\/uploads\/2023\/12\/IMG_2964.jpg\" data-elementor-open-lightbox=\"yes\" data-elementor-lightbox-slideshow=\"92ec0e0\" data-elementor-lightbox-title=\"IMG_2964\" data-e-action-hash=\"#elementor-action%3Aaction%3Dlightbox%26settings%3DeyJpZCI6ODQ5LCJ1cmwiOiJodHRwczpcL1wvc2VycmFkaWZpdW1vcmJ1LmNvcnNpY2FcL3dwLWNvbnRlbnRcL3VwbG9hZHNcLzIwMjNcLzEyXC9JTUdfMjk2NC5qcGciLCJzbGlkZXNob3ciOiI5MmVjMGUwIn0%3D\">\n\t\t\t\t\t<div class=\"e-gallery-image elementor-gallery-item__image\" data-thumbnail=\"https:\/\/serradifiumorbu.corsica\/wp-content\/uploads\/2023\/12\/IMG_2964-768x531.jpg\" data-width=\"768\" data-height=\"531\" aria-label=\"\" role=\"img\" ><\/div>\n\t\t\t\t\t\t\t\t\t\t\t<div class=\"elementor-gallery-item__overlay\"><\/div>\n\t\t\t\t\t\t\t\t\t\t\t\t\t\t<\/a>\n\t\t\t\t\t\t\t<a class=\"e-gallery-item elementor-gallery-item elementor-animated-content\" href=\"https:\/\/serradifiumorbu.corsica\/wp-content\/uploads\/2023\/12\/IMG_3938.jpg\" data-elementor-open-lightbox=\"yes\" data-elementor-lightbox-slideshow=\"92ec0e0\" data-elementor-lightbox-title=\"IMG_3938\" data-e-action-hash=\"#elementor-action%3Aaction%3Dlightbox%26settings%3DeyJpZCI6ODMwLCJ1cmwiOiJodHRwczpcL1wvc2VycmFkaWZpdW1vcmJ1LmNvcnNpY2FcL3dwLWNvbnRlbnRcL3VwbG9hZHNcLzIwMjNcLzEyXC9JTUdfMzkzOC5qcGciLCJzbGlkZXNob3ciOiI5MmVjMGUwIn0%3D\">\n\t\t\t\t\t<div class=\"e-gallery-image elementor-gallery-item__image\" data-thumbnail=\"https:\/\/serradifiumorbu.corsica\/wp-content\/uploads\/2023\/12\/IMG_3938-768x434.jpg\" data-width=\"768\" data-height=\"434\" aria-label=\"\" role=\"img\" ><\/div>\n\t\t\t\t\t\t\t\t\t\t\t<div class=\"elementor-gallery-item__overlay\"><\/div>\n\t\t\t\t\t\t\t\t\t\t\t\t\t\t<\/a>\n\t\t\t\t\t\t\t<a class=\"e-gallery-item elementor-gallery-item elementor-animated-content\" href=\"https:\/\/serradifiumorbu.corsica\/wp-content\/uploads\/2024\/01\/IMG_6233-scaled.jpeg\" data-elementor-open-lightbox=\"yes\" data-elementor-lightbox-slideshow=\"92ec0e0\" data-elementor-lightbox-title=\"IMG_6233\" data-e-action-hash=\"#elementor-action%3Aaction%3Dlightbox%26settings%3DeyJpZCI6MTI5NCwidXJsIjoiaHR0cHM6XC9cL3NlcnJhZGlmaXVtb3JidS5jb3JzaWNhXC93cC1jb250ZW50XC91cGxvYWRzXC8yMDI0XC8wMVwvSU1HXzYyMzMtc2NhbGVkLmpwZWciLCJzbGlkZXNob3ciOiI5MmVjMGUwIn0%3D\">\n\t\t\t\t\t<div class=\"e-gallery-image elementor-gallery-item__image\" data-thumbnail=\"https:\/\/serradifiumorbu.corsica\/wp-content\/uploads\/2024\/01\/IMG_6233-768x1024.jpeg\" data-width=\"768\" data-height=\"1024\" aria-label=\"\" role=\"img\" ><\/div>\n\t\t\t\t\t\t\t\t\t\t\t<div class=\"elementor-gallery-item__overlay\"><\/div>\n\t\t\t\t\t\t\t\t\t\t\t\t\t\t<\/a>\n\t\t\t\t\t\t\t<a class=\"e-gallery-item elementor-gallery-item elementor-animated-content\" href=\"https:\/\/serradifiumorbu.corsica\/wp-content\/uploads\/2023\/12\/IMG_4027.jpg\" data-elementor-open-lightbox=\"yes\" data-elementor-lightbox-slideshow=\"92ec0e0\" data-elementor-lightbox-title=\"IMG_4027\" data-e-action-hash=\"#elementor-action%3Aaction%3Dlightbox%26settings%3DeyJpZCI6ODM4LCJ1cmwiOiJodHRwczpcL1wvc2VycmFkaWZpdW1vcmJ1LmNvcnNpY2FcL3dwLWNvbnRlbnRcL3VwbG9hZHNcLzIwMjNcLzEyXC9JTUdfNDAyNy5qcGciLCJzbGlkZXNob3ciOiI5MmVjMGUwIn0%3D\">\n\t\t\t\t\t<div class=\"e-gallery-image elementor-gallery-item__image\" data-thumbnail=\"https:\/\/serradifiumorbu.corsica\/wp-content\/uploads\/2023\/12\/IMG_4027-768x541.jpg\" data-width=\"768\" data-height=\"541\" aria-label=\"\" role=\"img\" ><\/div>\n\t\t\t\t\t\t\t\t\t\t\t<div class=\"elementor-gallery-item__overlay\"><\/div>\n\t\t\t\t\t\t\t\t\t\t\t\t\t\t<\/a>\n\t\t\t\t\t\t\t<a class=\"e-gallery-item elementor-gallery-item elementor-animated-content\" href=\"https:\/\/serradifiumorbu.corsica\/wp-content\/uploads\/2024\/01\/IMG_6232-scaled.jpeg\" data-elementor-open-lightbox=\"yes\" data-elementor-lightbox-slideshow=\"92ec0e0\" data-elementor-lightbox-title=\"IMG_6232\" data-e-action-hash=\"#elementor-action%3Aaction%3Dlightbox%26settings%3DeyJpZCI6MTI5NSwidXJsIjoiaHR0cHM6XC9cL3NlcnJhZGlmaXVtb3JidS5jb3JzaWNhXC93cC1jb250ZW50XC91cGxvYWRzXC8yMDI0XC8wMVwvSU1HXzYyMzItc2NhbGVkLmpwZWciLCJzbGlkZXNob3ciOiI5MmVjMGUwIn0%3D\">\n\t\t\t\t\t<div class=\"e-gallery-image elementor-gallery-item__image\" data-thumbnail=\"https:\/\/serradifiumorbu.corsica\/wp-content\/uploads\/2024\/01\/IMG_6232-768x1024.jpeg\" data-width=\"768\" data-height=\"1024\" aria-label=\"\" role=\"img\" ><\/div>\n\t\t\t\t\t\t\t\t\t\t\t<div class=\"elementor-gallery-item__overlay\"><\/div>\n\t\t\t\t\t\t\t\t\t\t\t\t\t\t<\/a>\n\t\t\t\t\t\t\t<a class=\"e-gallery-item elementor-gallery-item elementor-animated-content\" href=\"https:\/\/serradifiumorbu.corsica\/wp-content\/uploads\/2024\/01\/IMG_6559-scaled.jpeg\" data-elementor-open-lightbox=\"yes\" data-elementor-lightbox-slideshow=\"92ec0e0\" data-elementor-lightbox-title=\"IMG_6559\" data-e-action-hash=\"#elementor-action%3Aaction%3Dlightbox%26settings%3DeyJpZCI6MTI5OSwidXJsIjoiaHR0cHM6XC9cL3NlcnJhZGlmaXVtb3JidS5jb3JzaWNhXC93cC1jb250ZW50XC91cGxvYWRzXC8yMDI0XC8wMVwvSU1HXzY1NTktc2NhbGVkLmpwZWciLCJzbGlkZXNob3ciOiI5MmVjMGUwIn0%3D\">\n\t\t\t\t\t<div class=\"e-gallery-image elementor-gallery-item__image\" data-thumbnail=\"https:\/\/serradifiumorbu.corsica\/wp-content\/uploads\/2024\/01\/IMG_6559-768x1365.jpeg\" data-width=\"768\" data-height=\"1365\" aria-label=\"\" role=\"img\" ><\/div>\n\t\t\t\t\t\t\t\t\t\t\t<div class=\"elementor-gallery-item__overlay\"><\/div>\n\t\t\t\t\t\t\t\t\t\t\t\t\t\t<\/a>\n\t\t\t\t\t\t\t<a class=\"e-gallery-item elementor-gallery-item elementor-animated-content\" href=\"https:\/\/serradifiumorbu.corsica\/wp-content\/uploads\/2024\/01\/IMG_6231-scaled.jpeg\" data-elementor-open-lightbox=\"yes\" data-elementor-lightbox-slideshow=\"92ec0e0\" data-elementor-lightbox-title=\"IMG_6231\" data-e-action-hash=\"#elementor-action%3Aaction%3Dlightbox%26settings%3DeyJpZCI6MTI5NiwidXJsIjoiaHR0cHM6XC9cL3NlcnJhZGlmaXVtb3JidS5jb3JzaWNhXC93cC1jb250ZW50XC91cGxvYWRzXC8yMDI0XC8wMVwvSU1HXzYyMzEtc2NhbGVkLmpwZWciLCJzbGlkZXNob3ciOiI5MmVjMGUwIn0%3D\">\n\t\t\t\t\t<div class=\"e-gallery-image elementor-gallery-item__image\" data-thumbnail=\"https:\/\/serradifiumorbu.corsica\/wp-content\/uploads\/2024\/01\/IMG_6231-768x1024.jpeg\" data-width=\"768\" data-height=\"1024\" aria-label=\"\" role=\"img\" ><\/div>\n\t\t\t\t\t\t\t\t\t\t\t<div class=\"elementor-gallery-item__overlay\"><\/div>\n\t\t\t\t\t\t\t\t\t\t\t\t\t\t<\/a>\n\t\t\t\t\t\t\t<a class=\"e-gallery-item elementor-gallery-item elementor-animated-content\" href=\"https:\/\/serradifiumorbu.corsica\/wp-content\/uploads\/2024\/01\/IMG_6617-scaled.jpeg\" data-elementor-open-lightbox=\"yes\" data-elementor-lightbox-slideshow=\"92ec0e0\" data-elementor-lightbox-title=\"IMG_6617\" data-e-action-hash=\"#elementor-action%3Aaction%3Dlightbox%26settings%3DeyJpZCI6MTI5NywidXJsIjoiaHR0cHM6XC9cL3NlcnJhZGlmaXVtb3JidS5jb3JzaWNhXC93cC1jb250ZW50XC91cGxvYWRzXC8yMDI0XC8wMVwvSU1HXzY2MTctc2NhbGVkLmpwZWciLCJzbGlkZXNob3ciOiI5MmVjMGUwIn0%3D\">\n\t\t\t\t\t<div class=\"e-gallery-image elementor-gallery-item__image\" data-thumbnail=\"https:\/\/serradifiumorbu.corsica\/wp-content\/uploads\/2024\/01\/IMG_6617-768x1024.jpeg\" data-width=\"768\" data-height=\"1024\" aria-label=\"\" role=\"img\" ><\/div>\n\t\t\t\t\t\t\t\t\t\t\t<div class=\"elementor-gallery-item__overlay\"><\/div>\n\t\t\t\t\t\t\t\t\t\t\t\t\t\t<\/a>\n\t\t\t\t\t<\/div>\n\t\t\t\t\t<\/div>\n\t\t\t\t<\/div>\n\t\t\t\t\t<\/div>\n\t\t\t\t<\/div>\n\t\t\t\t<\/div>","protected":false},"excerpt":{"rendered":"<p>Dans un avenir plus ou moins proche, dans de nombreux endroits du monde, l\u2019eau sera rare, ch\u00e8re et hors de port\u00e9e. Nos fontaines et nos lavoirs tissent le lien de la nature avec l&rsquo;homme. Notre volont\u00e9 est de pr\u00e9server et r\u00e9nover ces lieux de vie charg\u00e9s d&rsquo;histoire populaire.<\/p>","protected":false},"author":1,"featured_media":0,"parent":0,"menu_order":0,"comment_status":"closed","ping_status":"closed","template":"","meta":{"_et_pb_use_builder":"","_et_pb_old_content":"","_et_gb_content_width":"","footnotes":""},"class_list":["post-529","page","type-page","status-publish","hentry"],"_links":{"self":[{"href":"https:\/\/serradifiumorbu.corsica\/co\/wp-json\/wp\/v2\/pages\/529","targetHints":{"allow":["GET"]}}],"collection":[{"href":"https:\/\/serradifiumorbu.corsica\/co\/wp-json\/wp\/v2\/pages"}],"about":[{"href":"https:\/\/serradifiumorbu.corsica\/co\/wp-json\/wp\/v2\/types\/page"}],"author":[{"embeddable":true,"href":"https:\/\/serradifiumorbu.corsica\/co\/wp-json\/wp\/v2\/users\/1"}],"replies":[{"embeddable":true,"href":"https:\/\/serradifiumorbu.corsica\/co\/wp-json\/wp\/v2\/comments?post=529"}],"version-history":[{"count":25,"href":"https:\/\/serradifiumorbu.corsica\/co\/wp-json\/wp\/v2\/pages\/529\/revisions"}],"predecessor-version":[{"id":2562,"href":"https:\/\/serradifiumorbu.corsica\/co\/wp-json\/wp\/v2\/pages\/529\/revisions\/2562"}],"wp:attachment":[{"href":"https:\/\/serradifiumorbu.corsica\/co\/wp-json\/wp\/v2\/media?parent=529"}],"curies":[{"name":"wp","href":"https:\/\/api.w.org\/{rel}","templated":true}]}}