{"id":511,"date":"2023-11-21T17:55:00","date_gmt":"2023-11-21T16:55:00","guid":{"rendered":"https:\/\/serradifiumorbu.corsica\/?page_id=511"},"modified":"2024-04-01T17:05:17","modified_gmt":"2024-04-01T15:05:17","slug":"conseil-municipal","status":"publish","type":"page","link":"https:\/\/serradifiumorbu.corsica\/co\/conseil-municipal\/","title":{"rendered":"U Cunsigliu municipale"},"content":{"rendered":"<div data-elementor-type=\"wp-page\" data-elementor-id=\"511\" class=\"elementor elementor-511\" data-elementor-post-type=\"page\">\n\t\t\t\t<div class=\"elementor-element elementor-element-1e86fab e-con-full e-flex e-con e-parent\" data-id=\"1e86fab\" data-element_type=\"container\" data-e-type=\"container\">\n\t\t<div class=\"elementor-element elementor-element-d7554cb e-con-full e-flex e-con e-child\" data-id=\"d7554cb\" data-element_type=\"container\" data-e-type=\"container\">\n\t\t\t\t<div class=\"elementor-element elementor-element-b7817d8 elementor-widget elementor-widget-testimonial\" data-id=\"b7817d8\" data-element_type=\"widget\" data-e-type=\"widget\" data-widget_type=\"testimonial.default\">\n\t\t\t\t<div class=\"elementor-widget-container\">\n\t\t\t\t\t\t\t<div class=\"elementor-testimonial-wrapper\">\n\t\t\t\t\t\t\t<div class=\"elementor-testimonial-content\">M. Jean-No\u00ebl PROFIZI h\u00e8 statu eletu merre di Serra-di-Fium'orbu  u 18\/05\/2020 sin'\u00e0 u 2026.\n\nUna squadra impegnata per custru\u00ec l'avvene di a cumuna.<\/div>\n\t\t\t\n\t\t\t\t\t\t<div class=\"elementor-testimonial-meta elementor-has-image elementor-testimonial-image-position-aside\">\n\t\t\t\t<div class=\"elementor-testimonial-meta-inner\">\n\t\t\t\t\t\t\t\t\t\t\t<div class=\"elementor-testimonial-image\">\n\t\t\t\t\t\t\t<img fetchpriority=\"high\" decoding=\"async\" width=\"2560\" height=\"981\" src=\"https:\/\/serradifiumorbu.corsica\/wp-content\/uploads\/2024\/01\/IMG_4398-scaled.jpeg\" class=\"attachment-full size-full wp-image-1332\" alt=\"\" srcset=\"https:\/\/serradifiumorbu.corsica\/wp-content\/uploads\/2024\/01\/IMG_4398-scaled.jpeg 2560w, https:\/\/serradifiumorbu.corsica\/wp-content\/uploads\/2024\/01\/IMG_4398-1280x491.jpeg 1280w, https:\/\/serradifiumorbu.corsica\/wp-content\/uploads\/2024\/01\/IMG_4398-980x376.jpeg 980w, https:\/\/serradifiumorbu.corsica\/wp-content\/uploads\/2024\/01\/IMG_4398-480x184.jpeg 480w\" sizes=\"(min-width: 0px) and (max-width: 480px) 480px, (min-width: 481px) and (max-width: 980px) 980px, (min-width: 981px) and (max-width: 1280px) 1280px, (min-width: 1281px) 2560px, 100vw\" \/>\t\t\t\t\t\t<\/div>\n\t\t\t\t\t\n\t\t\t\t\t\t\t\t\t\t<div class=\"elementor-testimonial-details\">\n\t\t\t\t\t\t\t\t\t\t\t\t\t\t<div class=\"elementor-testimonial-name\">Jean-No\u00ebl Profizi<\/div>\n\t\t\t\t\t\t\t\t\t\t\t\t\t\t\t\t\t\t\t\t\t\t<div class=\"elementor-testimonial-job\">u merre<\/div>\n\t\t\t\t\t\t\t\t\t\t\t\t\t<\/div>\n\t\t\t\t\t\t\t\t\t<\/div>\n\t\t\t<\/div>\n\t\t\t\t\t<\/div>\n\t\t\t\t\t\t<\/div>\n\t\t\t\t<\/div>\n\t\t\t\t<\/div>\n\t\t<div class=\"elementor-element elementor-element-14d585b e-con-full e-flex e-con e-child\" data-id=\"14d585b\" data-element_type=\"container\" data-e-type=\"container\">\n\t\t\t\t<div class=\"elementor-element elementor-element-6acd93a elementor-widget elementor-widget-testimonial\" data-id=\"6acd93a\" data-element_type=\"widget\" data-e-type=\"widget\" data-widget_type=\"testimonial.default\">\n\t\t\t\t<div class=\"elementor-widget-container\">\n\t\t\t\t\t\t\t<div class=\"elementor-testimonial-wrapper\">\n\t\t\t\n\t\t\t\t\t\t<div class=\"elementor-testimonial-meta elementor-has-image elementor-testimonial-image-position-aside\">\n\t\t\t\t<div class=\"elementor-testimonial-meta-inner\">\n\t\t\t\t\t\t\t\t\t\t\t<div class=\"elementor-testimonial-image\">\n\t\t\t\t\t\t\t<img fetchpriority=\"high\" decoding=\"async\" width=\"2560\" height=\"981\" src=\"https:\/\/serradifiumorbu.corsica\/wp-content\/uploads\/2024\/01\/IMG_4398-scaled.jpeg\" class=\"attachment-full size-full wp-image-1332\" alt=\"\" srcset=\"https:\/\/serradifiumorbu.corsica\/wp-content\/uploads\/2024\/01\/IMG_4398-scaled.jpeg 2560w, https:\/\/serradifiumorbu.corsica\/wp-content\/uploads\/2024\/01\/IMG_4398-1280x491.jpeg 1280w, https:\/\/serradifiumorbu.corsica\/wp-content\/uploads\/2024\/01\/IMG_4398-980x376.jpeg 980w, https:\/\/serradifiumorbu.corsica\/wp-content\/uploads\/2024\/01\/IMG_4398-480x184.jpeg 480w\" sizes=\"(min-width: 0px) and (max-width: 480px) 480px, (min-width: 481px) and (max-width: 980px) 980px, (min-width: 981px) and (max-width: 1280px) 1280px, (min-width: 1281px) 2560px, 100vw\" \/>\t\t\t\t\t\t<\/div>\n\t\t\t\t\t\n\t\t\t\t\t\t\t\t\t\t<div class=\"elementor-testimonial-details\">\n\t\t\t\t\t\t\t\t\t\t\t\t\t\t<div class=\"elementor-testimonial-name\">Laurent Lorenzani<\/div>\n\t\t\t\t\t\t\t\t\t\t\t\t\t\t\t\t\t\t\t\t\t\t<div class=\"elementor-testimonial-job\">Primu aggiuntu (Ripresentante di u paesolu d'Ania)<\/div>\n\t\t\t\t\t\t\t\t\t\t\t\t\t<\/div>\n\t\t\t\t\t\t\t\t\t<\/div>\n\t\t\t<\/div>\n\t\t\t\t\t<\/div>\n\t\t\t\t\t\t<\/div>\n\t\t\t\t<\/div>\n\t\t\t\t<\/div>\n\t\t<div class=\"elementor-element elementor-element-349be7e e-con-full e-flex e-con e-child\" data-id=\"349be7e\" data-element_type=\"container\" data-e-type=\"container\">\n\t\t\t\t<div class=\"elementor-element elementor-element-27cb8fc elementor-widget elementor-widget-testimonial\" data-id=\"27cb8fc\" data-element_type=\"widget\" data-e-type=\"widget\" data-widget_type=\"testimonial.default\">\n\t\t\t\t<div class=\"elementor-widget-container\">\n\t\t\t\t\t\t\t<div class=\"elementor-testimonial-wrapper\">\n\t\t\t\n\t\t\t\t\t\t<div class=\"elementor-testimonial-meta elementor-has-image elementor-testimonial-image-position-aside\">\n\t\t\t\t<div class=\"elementor-testimonial-meta-inner\">\n\t\t\t\t\t\t\t\t\t\t\t<div class=\"elementor-testimonial-image\">\n\t\t\t\t\t\t\t<img fetchpriority=\"high\" decoding=\"async\" width=\"2560\" height=\"981\" src=\"https:\/\/serradifiumorbu.corsica\/wp-content\/uploads\/2024\/01\/IMG_4398-scaled.jpeg\" class=\"attachment-full size-full wp-image-1332\" alt=\"\" srcset=\"https:\/\/serradifiumorbu.corsica\/wp-content\/uploads\/2024\/01\/IMG_4398-scaled.jpeg 2560w, https:\/\/serradifiumorbu.corsica\/wp-content\/uploads\/2024\/01\/IMG_4398-1280x491.jpeg 1280w, https:\/\/serradifiumorbu.corsica\/wp-content\/uploads\/2024\/01\/IMG_4398-980x376.jpeg 980w, https:\/\/serradifiumorbu.corsica\/wp-content\/uploads\/2024\/01\/IMG_4398-480x184.jpeg 480w\" sizes=\"(min-width: 0px) and (max-width: 480px) 480px, (min-width: 481px) and (max-width: 980px) 980px, (min-width: 981px) and (max-width: 1280px) 1280px, (min-width: 1281px) 2560px, 100vw\" \/>\t\t\t\t\t\t<\/div>\n\t\t\t\t\t\n\t\t\t\t\t\t\t\t\t\t<div class=\"elementor-testimonial-details\">\n\t\t\t\t\t\t\t\t\t\t\t\t\t\t<div class=\"elementor-testimonial-name\">Christelle Luciani<\/div>\n\t\t\t\t\t\t\t\t\t\t\t\t\t\t\t\t\t\t\t\t\t\t<div class=\"elementor-testimonial-job\">Siconda aggiunta (Riprisentanta di u paesolu d'ornasu)<\/div>\n\t\t\t\t\t\t\t\t\t\t\t\t\t<\/div>\n\t\t\t\t\t\t\t\t\t<\/div>\n\t\t\t<\/div>\n\t\t\t\t\t<\/div>\n\t\t\t\t\t\t<\/div>\n\t\t\t\t<\/div>\n\t\t\t\t<\/div>\n\t\t<div class=\"elementor-element elementor-element-806d494 e-con-full e-flex e-con e-child\" data-id=\"806d494\" data-element_type=\"container\" data-e-type=\"container\">\n\t\t\t\t<div class=\"elementor-element elementor-element-214b59c elementor-widget elementor-widget-testimonial\" data-id=\"214b59c\" data-element_type=\"widget\" data-e-type=\"widget\" data-widget_type=\"testimonial.default\">\n\t\t\t\t<div class=\"elementor-widget-container\">\n\t\t\t\t\t\t\t<div class=\"elementor-testimonial-wrapper\">\n\t\t\t\t\t\t\t<div class=\"elementor-testimonial-content\">Alexia Giorgi-\n\nMuriel Giovanni-\n\nMaringoni Alexandre-\n\nAntoine Martelli-\n\nOlivier Martinetti-\n\nBruno Muraccioli-\n\nMarie Ange Ottomani-\n\nGilles Teuma-\n\n\n\n\n\n\n<\/div>\n\t\t\t\n\t\t\t\t\t\t<div class=\"elementor-testimonial-meta elementor-has-image elementor-testimonial-image-position-aside\">\n\t\t\t\t<div class=\"elementor-testimonial-meta-inner\">\n\t\t\t\t\t\t\t\t\t\t\t<div class=\"elementor-testimonial-image\">\n\t\t\t\t\t\t\t<img fetchpriority=\"high\" decoding=\"async\" width=\"2560\" height=\"981\" src=\"https:\/\/serradifiumorbu.corsica\/wp-content\/uploads\/2024\/01\/IMG_4398-scaled.jpeg\" class=\"attachment-full size-full wp-image-1332\" alt=\"\" srcset=\"https:\/\/serradifiumorbu.corsica\/wp-content\/uploads\/2024\/01\/IMG_4398-scaled.jpeg 2560w, https:\/\/serradifiumorbu.corsica\/wp-content\/uploads\/2024\/01\/IMG_4398-1280x491.jpeg 1280w, https:\/\/serradifiumorbu.corsica\/wp-content\/uploads\/2024\/01\/IMG_4398-980x376.jpeg 980w, https:\/\/serradifiumorbu.corsica\/wp-content\/uploads\/2024\/01\/IMG_4398-480x184.jpeg 480w\" sizes=\"(min-width: 0px) and (max-width: 480px) 480px, (min-width: 481px) and (max-width: 980px) 980px, (min-width: 981px) and (max-width: 1280px) 1280px, (min-width: 1281px) 2560px, 100vw\" \/>\t\t\t\t\t\t<\/div>\n\t\t\t\t\t\n\t\t\t\t\t\t\t\t\t\t<div class=\"elementor-testimonial-details\">\n\t\t\t\t\t\t\t\t\t\t\t\t\t\t<div class=\"elementor-testimonial-name\">I cunsiglieri municipali<\/div>\n\t\t\t\t\t\t\t\t\t\t\t\t\t\t\t\t\t\t\t<\/div>\n\t\t\t\t\t\t\t\t\t<\/div>\n\t\t\t<\/div>\n\t\t\t\t\t<\/div>\n\t\t\t\t\t\t<\/div>\n\t\t\t\t<\/div>\n\t\t\t\t<\/div>\n\t\t\t\t<\/div>\n\t\t<div class=\"elementor-element elementor-element-821859b e-flex e-con-boxed e-con e-parent\" data-id=\"821859b\" data-element_type=\"container\" data-e-type=\"container\">\n\t\t\t\t\t<div class=\"e-con-inner\">\n\t\t\t\t<div class=\"elementor-element elementor-element-2faee59 elementor-widget__width-initial elementor-widget elementor-widget-image\" data-id=\"2faee59\" data-element_type=\"widget\" data-e-type=\"widget\" data-widget_type=\"image.default\">\n\t\t\t\t<div class=\"elementor-widget-container\">\n\t\t\t\t\t\t\t\t\t\t\t\t\t\t\t<img decoding=\"async\" width=\"1024\" height=\"768\" src=\"https:\/\/serradifiumorbu.corsica\/wp-content\/uploads\/2024\/02\/IMG_1691-1024x768.jpeg\" class=\"attachment-large size-large wp-image-2364\" alt=\"\" srcset=\"https:\/\/serradifiumorbu.corsica\/wp-content\/uploads\/2024\/02\/IMG_1691-980x735.jpeg 980w, https:\/\/serradifiumorbu.corsica\/wp-content\/uploads\/2024\/02\/IMG_1691-480x360.jpeg 480w\" sizes=\"(min-width: 0px) and (max-width: 480px) 480px, (min-width: 481px) and (max-width: 980px) 980px, (min-width: 981px) 1024px, 100vw\" \/>\t\t\t\t\t\t\t\t\t\t\t\t\t\t\t<\/div>\n\t\t\t\t<\/div>\n\t\t\t\t\t<\/div>\n\t\t\t\t<\/div>\n\t\t\t\t<\/div>","protected":false},"excerpt":{"rendered":"<p>M. Jean-No\u00ebl PROFIZI h\u00e8 statu eletu merre di Serra-di-Fium&rsquo;orbu u 18\/05\/2020 sin&rsquo;\u00e0 u 2026. Una squadra impegnata per custru\u00ec l&rsquo;avvene di a cumuna. Jean-No\u00ebl Profizi u merre Laurent Lorenzani Primu aggiuntu (Ripresentante di u paesolu d&rsquo;Ania) Christelle Luciani Siconda aggiunta (Riprisentanta di u paesolu d&rsquo;ornasu) Alexia Giorgi- Muriel Giovanni- Maringoni Alexandre- Antoine Martelli- Olivier Martinetti- [&hellip;]<\/p>\n","protected":false},"author":1,"featured_media":1194,"parent":0,"menu_order":0,"comment_status":"closed","ping_status":"closed","template":"","meta":{"_et_pb_use_builder":"","_et_pb_old_content":"","_et_gb_content_width":"","footnotes":""},"class_list":["post-511","page","type-page","status-publish","has-post-thumbnail","hentry"],"_links":{"self":[{"href":"https:\/\/serradifiumorbu.corsica\/co\/wp-json\/wp\/v2\/pages\/511","targetHints":{"allow":["GET"]}}],"collection":[{"href":"https:\/\/serradifiumorbu.corsica\/co\/wp-json\/wp\/v2\/pages"}],"about":[{"href":"https:\/\/serradifiumorbu.corsica\/co\/wp-json\/wp\/v2\/types\/page"}],"author":[{"embeddable":true,"href":"https:\/\/serradifiumorbu.corsica\/co\/wp-json\/wp\/v2\/users\/1"}],"replies":[{"embeddable":true,"href":"https:\/\/serradifiumorbu.corsica\/co\/wp-json\/wp\/v2\/comments?post=511"}],"version-history":[{"count":61,"href":"https:\/\/serradifiumorbu.corsica\/co\/wp-json\/wp\/v2\/pages\/511\/revisions"}],"predecessor-version":[{"id":2581,"href":"https:\/\/serradifiumorbu.corsica\/co\/wp-json\/wp\/v2\/pages\/511\/revisions\/2581"}],"wp:featuredmedia":[{"embeddable":true,"href":"https:\/\/serradifiumorbu.corsica\/co\/wp-json\/wp\/v2\/media\/1194"}],"wp:attachment":[{"href":"https:\/\/serradifiumorbu.corsica\/co\/wp-json\/wp\/v2\/media?parent=511"}],"curies":[{"name":"wp","href":"https:\/\/api.w.org\/{rel}","templated":true}]}}