{"id":1132,"date":"2024-01-19T10:48:27","date_gmt":"2024-01-19T09:48:27","guid":{"rendered":"https:\/\/serradifiumorbu.corsica\/?page_id=1132"},"modified":"2024-06-07T12:15:27","modified_gmt":"2024-06-07T10:15:27","slug":"gite-municipal","status":"publish","type":"page","link":"https:\/\/serradifiumorbu.corsica\/co\/gite-municipal\/","title":{"rendered":"Accuratoghju Municipale (G\u00eete)"},"content":{"rendered":"<div data-elementor-type=\"wp-page\" data-elementor-id=\"1132\" class=\"elementor elementor-1132\" data-elementor-post-type=\"page\">\n\t\t\t\t<div class=\"elementor-element elementor-element-17aa56a3 e-flex e-con-boxed e-con e-parent\" data-id=\"17aa56a3\" data-element_type=\"container\" data-e-type=\"container\">\n\t\t\t\t\t<div class=\"e-con-inner\">\n\t\t\t\t<div class=\"elementor-element elementor-element-1f13129e elementor-widget elementor-widget-text-editor\" data-id=\"1f13129e\" data-element_type=\"widget\" data-e-type=\"widget\" data-widget_type=\"text-editor.default\">\n\t\t\t\t<div class=\"elementor-widget-container\">\n\t\t\t\t\t\t\t\t\t<p><strong>Les travaux ont d\u00e9but\u00e9 : LOT 1 GROS OEUVRE<\/strong><\/p>\t\t\t\t\t\t\t\t<\/div>\n\t\t\t\t<\/div>\n\t\t\t\t\t<\/div>\n\t\t\t\t<\/div>\n\t\t<div class=\"elementor-element elementor-element-f58fd13 e-flex e-con-boxed e-con e-parent\" data-id=\"f58fd13\" data-element_type=\"container\" data-e-type=\"container\">\n\t\t\t\t\t<div class=\"e-con-inner\">\n\t\t\t\t<div class=\"elementor-element elementor-element-9a4227b elementor-widget elementor-widget-text-editor\" data-id=\"9a4227b\" data-element_type=\"widget\" data-e-type=\"widget\" data-widget_type=\"text-editor.default\">\n\t\t\t\t<div class=\"elementor-widget-container\">\n\t\t\t\t\t\t\t\t\t<h6>Le projet de r\u00e9novation du g\u00eete municipal est sur les rails. Apr\u00e8s un premier march\u00e9 d\u00e9clar\u00e9 infructueux, le deuxi\u00e8me appel d&rsquo;offres est cl\u00f4tur\u00e9.<\/h6><h6>\u00a0<\/h6><h6>\u00c0 ce jour 5 <span style=\"font-size: 14px; font-family: var( --e-global-typography-text-font-family ), Sans-serif; text-align: var(--text-align);\">lots sur 6 \u00a0ont \u00e9t\u00e9 attribu\u00e9s :\u00a0<\/span><\/h6><p>\u00a0<\/p><p>Lot 1 : Gros oeuvre : SAS Biancardini Construction<\/p><p>Lot 2 : Menuiseries : SAS Menuiseries Corses MENCO<\/p><p>Lot 3 : Doublage-cloisons-Fp-Peintures : Rossi fr\u00e8res<\/p><p>Lot 4 : Rev\u00eatement sols durs-faiences : MV R\u00e9novation 2B<\/p><p>Lot 5 \u00a0: CVPB SASU Corse thermique services<\/p><p>Lot 6 : Electricit\u00e9 \/ MC \u00e9lectricit\u00e9<\/p><p>La premi\u00e8re r\u00e9union de chantier s&rsquo;est d\u00e9roul\u00e9e le 28 Mars sur site en pr\u00e9sence du maire et du ma\u00eetre d&rsquo;oeuvre G\u00e9rard Angeli (Architecte)<\/p><p>Un appel \u00e0 candidature a \u00e9t\u00e9 effectu\u00e9 pour la gestion du futur g\u00eete, deux candidatures ont \u00e9t\u00e9 re\u00e7ues. Apr\u00e8s analyse, le conseil municipal est heureux d&rsquo;avoir choisi une personne vivant sur la commune, sur le hameau d&rsquo;Ornasu :Fabienne Morandini sera la future gardienne des cl\u00e9s.\u00a0<\/p><p>\u00a0<\/p>\t\t\t\t\t\t\t\t<\/div>\n\t\t\t\t<\/div>\n\t\t\t\t\t<\/div>\n\t\t\t\t<\/div>\n\t\t<div class=\"elementor-element elementor-element-615a6c3 e-con-full e-flex e-con e-parent\" data-id=\"615a6c3\" data-element_type=\"container\" data-e-type=\"container\">\n\t\t\t\t<div class=\"elementor-element elementor-element-a4024bf elementor-widget elementor-widget-image\" data-id=\"a4024bf\" data-element_type=\"widget\" data-e-type=\"widget\" data-widget_type=\"image.default\">\n\t\t\t\t<div class=\"elementor-widget-container\">\n\t\t\t\t\t\t\t\t\t\t\t\t\t\t\t<img fetchpriority=\"high\" decoding=\"async\" width=\"1016\" height=\"1024\" src=\"https:\/\/serradifiumorbu.corsica\/wp-content\/uploads\/2024\/05\/IMG_4515-1016x1024.jpg\" class=\"attachment-large size-large wp-image-2647\" alt=\"\" srcset=\"https:\/\/serradifiumorbu.corsica\/wp-content\/uploads\/2024\/05\/IMG_4515-1016x1024.jpg 1016w, https:\/\/serradifiumorbu.corsica\/wp-content\/uploads\/2024\/05\/IMG_4515-980x988.jpg 980w, https:\/\/serradifiumorbu.corsica\/wp-content\/uploads\/2024\/05\/IMG_4515-480x484.jpg 480w\" sizes=\"(min-width: 0px) and (max-width: 480px) 480px, (min-width: 481px) and (max-width: 980px) 980px, (min-width: 981px) 1016px, 100vw\" \/>\t\t\t\t\t\t\t\t\t\t\t\t\t\t\t<\/div>\n\t\t\t\t<\/div>\n\t\t\t\t<\/div>\n\t\t<div class=\"elementor-element elementor-element-5e5f66b e-flex e-con-boxed e-con e-parent\" data-id=\"5e5f66b\" data-element_type=\"container\" data-e-type=\"container\">\n\t\t\t\t\t<div class=\"e-con-inner\">\n\t\t\t\t<div class=\"elementor-element elementor-element-bedfb73 elementor-widget elementor-widget-image\" data-id=\"bedfb73\" data-element_type=\"widget\" data-e-type=\"widget\" data-widget_type=\"image.default\">\n\t\t\t\t<div class=\"elementor-widget-container\">\n\t\t\t\t\t\t\t\t\t\t\t\t\t\t\t<img decoding=\"async\" src=\"https:\/\/serradifiumorbu.corsica\/wp-content\/uploads\/2024\/05\/ooapin-41-2.pdf\" title=\"\" alt=\"\" loading=\"lazy\" \/>\t\t\t\t\t\t\t\t\t\t\t\t\t\t\t<\/div>\n\t\t\t\t<\/div>\n\t\t\t\t\t<\/div>\n\t\t\t\t<\/div>\n\t\t<div class=\"elementor-element elementor-element-9dd4fa6 e-grid e-con-boxed e-con e-parent\" data-id=\"9dd4fa6\" data-element_type=\"container\" data-e-type=\"container\">\n\t\t\t\t\t<div class=\"e-con-inner\">\n\t\t\t\t<div class=\"elementor-element elementor-element-d1f5cd2 elementor-widget elementor-widget-image\" data-id=\"d1f5cd2\" data-element_type=\"widget\" data-e-type=\"widget\" data-widget_type=\"image.default\">\n\t\t\t\t<div class=\"elementor-widget-container\">\n\t\t\t\t\t\t\t\t\t\t\t\t\t\t\t<img decoding=\"async\" width=\"768\" height=\"1024\" src=\"https:\/\/serradifiumorbu.corsica\/wp-content\/uploads\/2024\/06\/IMG_8981-768x1024.jpeg\" class=\"attachment-large size-large wp-image-2709\" alt=\"\" \/>\t\t\t\t\t\t\t\t\t\t\t\t\t\t\t<\/div>\n\t\t\t\t<\/div>\n\t\t\t\t<div class=\"elementor-element elementor-element-fd7b4b3 elementor-widget elementor-widget-image\" data-id=\"fd7b4b3\" data-element_type=\"widget\" data-e-type=\"widget\" data-widget_type=\"image.default\">\n\t\t\t\t<div class=\"elementor-widget-container\">\n\t\t\t\t\t\t\t\t\t\t\t\t\t\t\t<img decoding=\"async\" width=\"768\" height=\"1024\" src=\"https:\/\/serradifiumorbu.corsica\/wp-content\/uploads\/2024\/06\/IMG_9003-768x1024.jpeg\" class=\"attachment-large size-large wp-image-2712\" alt=\"\" \/>\t\t\t\t\t\t\t\t\t\t\t\t\t\t\t<\/div>\n\t\t\t\t<\/div>\n\t\t\t\t<div class=\"elementor-element elementor-element-23afd08 elementor-widget elementor-widget-image\" data-id=\"23afd08\" data-element_type=\"widget\" data-e-type=\"widget\" data-widget_type=\"image.default\">\n\t\t\t\t<div class=\"elementor-widget-container\">\n\t\t\t\t\t\t\t\t\t\t\t\t\t\t\t<img loading=\"lazy\" decoding=\"async\" width=\"768\" height=\"1024\" src=\"https:\/\/serradifiumorbu.corsica\/wp-content\/uploads\/2024\/06\/IMG_9001-768x1024.jpeg\" class=\"attachment-large size-large wp-image-2711\" alt=\"\" \/>\t\t\t\t\t\t\t\t\t\t\t\t\t\t\t<\/div>\n\t\t\t\t<\/div>\n\t\t\t\t<div class=\"elementor-element elementor-element-fa7bdfb elementor-widget elementor-widget-image\" data-id=\"fa7bdfb\" data-element_type=\"widget\" data-e-type=\"widget\" data-widget_type=\"image.default\">\n\t\t\t\t<div class=\"elementor-widget-container\">\n\t\t\t\t\t\t\t\t\t\t\t\t\t\t\t<img loading=\"lazy\" decoding=\"async\" width=\"768\" height=\"1024\" src=\"https:\/\/serradifiumorbu.corsica\/wp-content\/uploads\/2024\/06\/IMG_8997-768x1024.jpeg\" class=\"attachment-large size-large wp-image-2710\" alt=\"\" \/>\t\t\t\t\t\t\t\t\t\t\t\t\t\t\t<\/div>\n\t\t\t\t<\/div>\n\t\t\t\t\t<\/div>\n\t\t\t\t<\/div>\n\t\t\t\t<\/div>","protected":false},"excerpt":{"rendered":"<p>Les travaux ont d\u00e9but\u00e9 : LOT 1 GROS OEUVRE Le projet de r\u00e9novation du g\u00eete municipal est sur les rails. Apr\u00e8s un premier march\u00e9 d\u00e9clar\u00e9 infructueux, le deuxi\u00e8me appel d&rsquo;offres est cl\u00f4tur\u00e9. \u00a0 \u00c0 ce jour 5 lots sur 6 \u00a0ont \u00e9t\u00e9 attribu\u00e9s :\u00a0 \u00a0 Lot 1 : Gros oeuvre : SAS Biancardini Construction Lot [&hellip;]<\/p>\n","protected":false},"author":1,"featured_media":0,"parent":0,"menu_order":0,"comment_status":"closed","ping_status":"closed","template":"","meta":{"_et_pb_use_builder":"","_et_pb_old_content":"","_et_gb_content_width":"","footnotes":""},"class_list":["post-1132","page","type-page","status-publish","hentry"],"_links":{"self":[{"href":"https:\/\/serradifiumorbu.corsica\/co\/wp-json\/wp\/v2\/pages\/1132","targetHints":{"allow":["GET"]}}],"collection":[{"href":"https:\/\/serradifiumorbu.corsica\/co\/wp-json\/wp\/v2\/pages"}],"about":[{"href":"https:\/\/serradifiumorbu.corsica\/co\/wp-json\/wp\/v2\/types\/page"}],"author":[{"embeddable":true,"href":"https:\/\/serradifiumorbu.corsica\/co\/wp-json\/wp\/v2\/users\/1"}],"replies":[{"embeddable":true,"href":"https:\/\/serradifiumorbu.corsica\/co\/wp-json\/wp\/v2\/comments?post=1132"}],"version-history":[{"count":31,"href":"https:\/\/serradifiumorbu.corsica\/co\/wp-json\/wp\/v2\/pages\/1132\/revisions"}],"predecessor-version":[{"id":2715,"href":"https:\/\/serradifiumorbu.corsica\/co\/wp-json\/wp\/v2\/pages\/1132\/revisions\/2715"}],"wp:attachment":[{"href":"https:\/\/serradifiumorbu.corsica\/co\/wp-json\/wp\/v2\/media?parent=1132"}],"curies":[{"name":"wp","href":"https:\/\/api.w.org\/{rel}","templated":true}]}}